{"id":10,"date":"2014-05-28T10:39:36","date_gmt":"2014-05-28T08:39:36","guid":{"rendered":"http:\/\/kaboum.fr\/wondercatpainting\/?page_id=10"},"modified":"2016-04-20T10:17:08","modified_gmt":"2016-04-20T08:17:08","slug":"francais","status":"publish","type":"page","link":"https:\/\/kaboum.fr\/wondercatpainting\/francais\/","title":{"rendered":"Fran\u00e7ais"},"content":{"rendered":"<p>La plupart des commandes qui nous sont pass\u00e9es viennent d&#8217;ailleurs dans le monde, aussi notre site est-il en anglais, mais nul besoin de le parler pour nous \u00e9crire =)<\/p>\n<p><span style=\"color: #495555;\">Nous sommes un couple du sud de la France, passionn\u00e9s de peinture sur figurine et de jeux de soci\u00e9t\u00e9 &#8211; deux hobbies qui font bon m\u00e9nage ! Vous trouverez sur ce site des <a title=\"Galeries\" href=\"https:\/\/kaboum.fr\/wondercatpainting\/\">images de nos peintures<\/a>, et des informations sur nos services<\/span><span style=\"color: #495555;\">, puisque nos pinceaux sont \u00e0 louer pour des commissions.<\/span><br style=\"color: #495555;\" \/><br \/>\nNous sommes actuellement disponibles pour peindre vos figurines ; pi\u00e8ces uniques, projets de grande envergure, jeu de soci\u00e9t\u00e9, vous pouvez nous \u00e9crire \u00e0\u00a0<a href=\"mailto:wondercat@kaboum.fr\">wondercat@kaboum.fr<\/a> pour obtenir une estimation.<br \/>\nNous pouvons peindre les figurines que vous nous envoyez ou les commander nous-m\u00eames pour vous \u00e9conomiser des frais de port.<br \/>\nChaque projet est unique et n\u00e9cessitera plus ou moins de temps pour \u00eatre termin\u00e9, d\u00e9pendamment de plusieurs crit\u00e8res : complexit\u00e9 des sculptures, nombre de figurines identiques, d\u00e9tails\u00a0d\u00e9sir\u00e9s&#8230; le plus simple est encore de nous \u00e9crire.<\/p>\n<p>La plupart des commandes peuvent \u00eatre termin\u00e9es en 1 mois ou moins.<\/p>\n<p style=\"color: #495555;\">Dans tous les cas, quel que soit le nombre d&#8217;heures que nous avons estim\u00e9es n\u00e9cessaires pour une commande, s&#8217;il y a une chose qui nous tient \u00e0 c\u0153ur, c&#8217;est de renvoyer une peinture dont nous sommes fiers ; nous avons le souci du d\u00e9tail et nous peignons par passion. Nous pr\u00e9f\u00e9rons &#8220;d\u00e9border&#8221; et accorder un peu plus d&#8217;attention \u00e0 une figurine pour la fignoler plut\u00f4t que de respecter notre quota horaire et laisser une figurine \u00e0 moiti\u00e9 satisfaisante.<\/p>\n<p style=\"color: #495555;\">Les frais d&#8217;envoi vers la France oscillent entre 6 et 13\u20ac, et vers l&#8217;International vont de 13\u20ac \u00e0 25\u20ac pour la majorit\u00e9 des projets. Nous nous assurons bien sur que les figurines voyageront de mani\u00e8re s\u00e9curis\u00e9e et atteindront leur nouvelle maison sans dommage.<\/p>\n<p>&nbsp;<\/p>\n<p><!-- default-view.php -->\n<div\n\tclass=\"ngg-galleryoverview default-view\n\t ngg-ajax-pagination-none\t\"\n\tid=\"ngg-gallery-72de2da41084d6ae30425003ebe182a0-1\">\n\n\t\t<!-- Thumbnails -->\n\t\t\t\t<div id=\"ngg-image-0\" class=\"ngg-gallery-thumbnail-box\n\t\t\t\t\t\t\t\t\t\t\t\"\n\t\t\t>\n\t\t\t\t\t\t<div class=\"ngg-gallery-thumbnail\">\n\t\t\t<a href=\"https:\/\/kaboum.fr\/wondercatpainting\/wp-content\/gallery\/battlestar-galactica\/Battlestar-Galactica-storage.jpg\"\n\t\t\t\ttitle=\"Storage solution\"\n\t\t\t\tdata-src=\"https:\/\/kaboum.fr\/wondercatpainting\/wp-content\/gallery\/battlestar-galactica\/Battlestar-Galactica-storage.jpg\"\n\t\t\t\tdata-thumbnail=\"https:\/\/kaboum.fr\/wondercatpainting\/wp-content\/gallery\/battlestar-galactica\/thumbs\/thumbs_Battlestar-Galactica-storage.jpg\"\n\t\t\t\tdata-image-id=\"170\"\n\t\t\t\tdata-title=\"Storage solution\"\n\t\t\t\tdata-description=\"Storage solution\"\n\t\t\t\tdata-image-slug=\"battlestar-galactica-storage\"\n\t\t\t\tclass=\"ngg-fancybox\" rel=\"72de2da41084d6ae30425003ebe182a0\">\n\t\t\t\t<img\n\t\t\t\t\ttitle=\"Storage solution\"\n\t\t\t\t\talt=\"Storage solution\"\n\t\t\t\t\tsrc=\"https:\/\/kaboum.fr\/wondercatpainting\/wp-content\/gallery\/battlestar-galactica\/thumbs\/thumbs_Battlestar-Galactica-storage.jpg\"\n\t\t\t\t\twidth=\"120\"\n\t\t\t\t\theight=\"90\"\n\t\t\t\t\tstyle=\"max-width:100%;\"\n\t\t\t\t\/>\n\t\t\t<\/a>\n\t\t<\/div>\n\t\t\t\t\t\t\t<\/div>\n\t\t\t\n\t\n\t<br style=\"clear: both\" \/>\n\n\t\n\t\t<!-- Pagination -->\n\t\t<div class='ngg-clear'><\/div>\t<\/div>\n<\/p>\n","protected":false},"excerpt":{"rendered":"<p>La plupart des commandes qui nous sont pass\u00e9es viennent d&#8217;ailleurs dans le monde, aussi notre site est-il en anglais, mais nul besoin de le parler pour nous \u00e9crire =) Nous sommes un couple du sud de la France, passionn\u00e9s de peinture sur figurine et de jeux de soci\u00e9t\u00e9 &#8211; deux\u2026<\/p>\n<p class=\"continue-reading-button\"> <a class=\"continue-reading-link\" href=\"https:\/\/kaboum.fr\/wondercatpainting\/francais\/\">Continue reading<i class=\"crycon-right-dir\"><\/i><\/a><\/p>\n","protected":false},"author":1,"featured_media":0,"parent":0,"menu_order":0,"comment_status":"open","ping_status":"open","template":"","meta":{"_monsterinsights_skip_tracking":false,"_monsterinsights_sitenote_active":false,"_monsterinsights_sitenote_note":"","_monsterinsights_sitenote_category":0,"ngg_post_thumbnail":0,"footnotes":""},"class_list":["post-10","page","type-page","status-publish","hentry"],"_links":{"self":[{"href":"https:\/\/kaboum.fr\/wondercatpainting\/wp-json\/wp\/v2\/pages\/10","targetHints":{"allow":["GET"]}}],"collection":[{"href":"https:\/\/kaboum.fr\/wondercatpainting\/wp-json\/wp\/v2\/pages"}],"about":[{"href":"https:\/\/kaboum.fr\/wondercatpainting\/wp-json\/wp\/v2\/types\/page"}],"author":[{"embeddable":true,"href":"https:\/\/kaboum.fr\/wondercatpainting\/wp-json\/wp\/v2\/users\/1"}],"replies":[{"embeddable":true,"href":"https:\/\/kaboum.fr\/wondercatpainting\/wp-json\/wp\/v2\/comments?post=10"}],"version-history":[{"count":6,"href":"https:\/\/kaboum.fr\/wondercatpainting\/wp-json\/wp\/v2\/pages\/10\/revisions"}],"predecessor-version":[{"id":2679,"href":"https:\/\/kaboum.fr\/wondercatpainting\/wp-json\/wp\/v2\/pages\/10\/revisions\/2679"}],"wp:attachment":[{"href":"https:\/\/kaboum.fr\/wondercatpainting\/wp-json\/wp\/v2\/media?parent=10"}],"curies":[{"name":"wp","href":"https:\/\/api.w.org\/{rel}","templated":true}]}}